{"id":19,"date":"2020-09-20T20:12:51","date_gmt":"2020-09-20T20:12:51","guid":{"rendered":"https:\/\/prinzreichenau.at\/?page_id=19"},"modified":"2026-03-19T14:13:50","modified_gmt":"2026-03-19T14:13:50","slug":"impressum","status":"publish","type":"page","link":"https:\/\/prinzreichenau.at\/?page_id=19","title":{"rendered":"Impressum"},"content":{"rendered":"\n<p><strong>Impressum<\/strong><\/p>\n\n\n\n<p>F\u00fcr den Inhalt verantwortlich<\/p>\n\n\n\n<p>Abfindungsbrennerei Franz und Michaela Prinz<br>Reichenau 1<br>A &#8211; 3972 Bad Gro\u00dfpertholz<br>E-Mail:\u00a0<a href=\"mailto:office@prinzreichenau.at\">office@prinzreichenau.at<\/a><br>Telefon:\u00a0+43 (0) 664\u00a0\/\u00a09597686\u00a0<\/p>\n\n\n\n<p><strong>Webmaster:&nbsp;<\/strong>prinz@gmx.net<br>&nbsp;<\/p>\n\n\n\n<p><strong>Haftung f\u00fcr Links<\/strong><br>Das Angebot enth\u00e4lt Links zu externen Webseiten, auf deren Inhalt ich keinen Einfluss habe. F\u00fcr die Inhalte der verlinkten Seiten ist der jeweilige Anbieter oder Betreiber verantwortlich. Eine permanente inhaltliche Kontrolle der verlinkten Seiten ist jedoch ohne konkrete Anhaltspunkte einer Rechtsverletzung nicht zumutbar. Bei Bekanntwerden von Rechtsverletzungen werde ich derartige Links umgehend entfernen.<\/p>\n\n\n\n<p><strong>Urheberrechte<\/strong><br>Der Inhalt dieser Website ist urheberrechtlich gesch\u00fctzt. Die Bereitstellung von Inhalten und Bildmaterial dieser Website auf andere Websites ist nur mit ausdr\u00fccklicher Genehmigung der Familie Prinz gestattet. Die auf dieser Website enthaltenen Angaben werden nach bestem Wissen erstellt und mit gro\u00dfer Sorgfalt auf ihre Richtigkeit \u00fcberpr\u00fcft. Trotzdem sind inhaltliche und sachliche Fehler nicht vollst\u00e4ndig auszuschlie\u00dfen. Die Abfindungsbrennerei Prinz&nbsp;\u00fcbernimmt keinerlei Garantie und Haftung f\u00fcr die Richtigkeit, Aktualit\u00e4t und Vollst\u00e4ndigkeit der bereitgestellten Informationen. Alle Angaben sind ohne Gew\u00e4hr. Dies gilt auch f\u00fcr alle Links zu anderen URLs, die auf meiner Website genannt werden.<\/p>\n\n\n\n<p><strong>Keine Haftung<\/strong><br>Der Inhalt dieser Websites wurde sorgf\u00e4ltig gepr\u00fcft und nach bestem Wissen erstellt. F\u00fcr die hier ver\u00f6ffentlichten Informationen besteht kein Anspruch auf Vollst\u00e4ndigkeit, Aktualit\u00e4t, Qualit\u00e4t und Richtigkeit. Es kann keine Verantwortung f\u00fcr Sch\u00e4den \u00fcbernommen werden, die durch das Vertrauen auf die Inhalte dieser Website oder deren Gebrauch entstehen.<\/p>\n","protected":false},"excerpt":{"rendered":"<p>Impressum F\u00fcr den Inhalt verantwortlich Abfindungsbrennerei Franz und Michaela PrinzReichenau 1A &#8211; 3972 Bad Gro\u00dfpertholzE-Mail:\u00a0office@prinzreichenau.atTelefon:\u00a0+43 (0) 664\u00a0\/\u00a09597686\u00a0 Webmaster:&nbsp;prinz@gmx.net&nbsp; Haftung f\u00fcr LinksDas Angebot enth\u00e4lt Links zu externen Webseiten, auf deren Inhalt ich keinen Einfluss habe. F\u00fcr die Inhalte der verlinkten Seiten ist der jeweilige Anbieter oder Betreiber verantwortlich. Eine permanente inhaltliche Kontrolle der verlinkten Seiten ist [&hellip;]<\/p>\n","protected":false},"author":1,"featured_media":0,"parent":23,"menu_order":0,"comment_status":"closed","ping_status":"closed","template":"","meta":{"_themeisle_gutenberg_block_has_review":false,"footnotes":""},"class_list":["post-19","page","type-page","status-publish","hentry"],"jetpack_sharing_enabled":true,"_links":{"self":[{"href":"https:\/\/prinzreichenau.at\/index.php?rest_route=\/wp\/v2\/pages\/19","targetHints":{"allow":["GET"]}}],"collection":[{"href":"https:\/\/prinzreichenau.at\/index.php?rest_route=\/wp\/v2\/pages"}],"about":[{"href":"https:\/\/prinzreichenau.at\/index.php?rest_route=\/wp\/v2\/types\/page"}],"author":[{"embeddable":true,"href":"https:\/\/prinzreichenau.at\/index.php?rest_route=\/wp\/v2\/users\/1"}],"replies":[{"embeddable":true,"href":"https:\/\/prinzreichenau.at\/index.php?rest_route=%2Fwp%2Fv2%2Fcomments&post=19"}],"version-history":[{"count":4,"href":"https:\/\/prinzreichenau.at\/index.php?rest_route=\/wp\/v2\/pages\/19\/revisions"}],"predecessor-version":[{"id":7581,"href":"https:\/\/prinzreichenau.at\/index.php?rest_route=\/wp\/v2\/pages\/19\/revisions\/7581"}],"up":[{"embeddable":true,"href":"https:\/\/prinzreichenau.at\/index.php?rest_route=\/wp\/v2\/pages\/23"}],"wp:attachment":[{"href":"https:\/\/prinzreichenau.at\/index.php?rest_route=%2Fwp%2Fv2%2Fmedia&parent=19"}],"curies":[{"name":"wp","href":"https:\/\/api.w.org\/{rel}","templated":true}]}}