{"id":44,"date":"2020-09-20T21:12:28","date_gmt":"2020-09-20T21:12:28","guid":{"rendered":"https:\/\/prinzreichenau.at\/?page_id=44"},"modified":"2020-10-13T21:12:38","modified_gmt":"2020-10-13T21:12:38","slug":"unser-betrieb-anfahrt","status":"publish","type":"page","link":"https:\/\/prinzreichenau.at\/?page_id=44","title":{"rendered":"Anfahrt \/ Unser Betrieb"},"content":{"rendered":"\n<p><strong>Unser Betrieb<\/strong><\/p>\n\n\n\n<p>Unser kleiner landwirtschaftlicher Betrieb liegt im nordwestlichen Waldviertel auf 830 Meter Seeh\u00f6he. Wir sind damit die h\u00f6chstgelegenste Abfindungsbrennerei des Waldviertels die sich der Veredelung des hauseigenen Obstes verschrieben hat.<\/p>\n\n\n\n<p>Das raue Klima des Granitmassives an den Ausl\u00e4ufern des B\u00f6hmerwaldes ist zwar f\u00fcr die Quantit\u00e4t, nicht aber f\u00fcr die Qualit\u00e4t der erzeugten Edelbr\u00e4nde&nbsp;ausschlaggebend.<\/p>\n\n\n\n<p>Durch sorgf\u00e4ltige Auswahl und behutsames Abbrennen von Obst und Beeren erzeugen wir seit 1985 qualitativ hochwertige Br\u00e4nde und Lik\u00f6re.<\/p>\n\n\n\n<p>Im J\u00e4nner 2004 stellten wir uns im Rahmen der Pr\u00e4mierung zum &#8222;Goldenen Stamperl&#8220; bei der&nbsp;<a href=\"http:\/\/www.messewieselburg.at\/ah_messeinfo_inhalt.php\" target=\"_blank\" rel=\"noreferrer noopener\">Ab-Hof-Messe<\/a>&nbsp;in Wieselburg zum 1. Mal der Jury und konnten mit unserem Himbeer auf Anhieb einen dritten Platz erreichen.<br>2005 nahmen wir mit unseren g\u00e4ngigsten Sorten in Wieselburg teil und konnten dabei 5 Medaillen erringen.<br>Bei der Teilnahme in Edelhof im Juni 2006 konnten wir uns \u00fcber 2x Silber und 1x Bronze freuen.<br>2007 erreichten wir neben Bronze zum ersten Mal eine &#8222;Goldene&#8220; in Wieselburg und wieder mehrere Auszeichnungen in Edelhof.<br>2008 folgten 1x Silber und 3x Bronze in Wieselburg sowie 2x Gold, 1x Silber und 1x Bronze.<br>2009 erreichten wir in Wieselburg je eine Goldene f\u00fcr Kaffee- und K\u00fcmmelgeist.<br>In den darauffolgenden Jahren konnten wir Jahr f\u00fcr Jahr zahlreiche weitere Preise und Auszeichnungen verbuchen.<\/p>\n\n\n\n<p>Das bisherige Highlight war mit Sicherheit die Auszeichnung mit dem &#8222;Goldenen Stamperl&#8220; bei der Messe Wieselburg f\u00fcr unseren Mirabellenbrand im Jahr 2014.<\/p>\n\n\n\n<p>Unsere Produkte gibt es&nbsp;in den verschiedensten Flaschen und Verpackungen. Eine Spezialit\u00e4t ist die individuelle Gestaltung der Etiketten nach den Vorstellungen der Auftraggeber. Somit ist unser Produkt ein ideales Geschenk f\u00fcr s\u00e4mtliche Anl\u00e4sse.<\/p>\n\n\n\n<p><strong>So finden Sie uns \/ Anfahrt<\/strong><\/p>\n\n\n\n<p>Auf der B41 von Gm\u00fcnd kommend, biegt man vor dem Ortsende von Bad Gro\u00dfpertholz links bzw. von Linz kommend, gleich nach der Ortstafel Bad Gro\u00dfpertholz rechts ab nach Scheiben\/Reichenau (3 km).&nbsp;Auf der Bezirksstra\u00dfe geht es bergw\u00e4rts durch den lang gestreckten Ort Scheiben. Nach dem Ortsende von Scheiben endet der Berg und es geht relativ kurvenreich Richtung Reichenau. Bei der 1. Abbiegem\u00f6glichkeit, ca. 300 m vor der Ortstafel von Reichenau biegt man links ab (3 Garagen und Tafel &#8222;Baumschule Artner&#8220;) und f\u00e4hrt geradeaus (nicht mehr rechts abbiegen) 300 m zum Haus Nr.1 (Familie Prinz).<br><a href=\"https:\/\/www.google.com\/maps\/place\/Abfindungsbrennerei+PRINZREICHENAU+-+Familie+Prinz\/@48.608756,14.8094622,15z\/data=!4m2!3m1!1s0x0:0x7674e819bee2301f?sa=X&amp;ved=2ahUKEwit5_XQ0_jrAhXQ_KQKHQKFBeAQ_BIwFHoECBYQCA\"><strong>Hier geht&#8217;s zu unserem Betrieb auf Google Maps<\/strong><\/a>.<\/p>\n\n\n\n<p><\/p>\n","protected":false},"excerpt":{"rendered":"<p>Unser Betrieb Unser kleiner landwirtschaftlicher Betrieb liegt im nordwestlichen Waldviertel auf 830 Meter Seeh\u00f6he. Wir sind damit die h\u00f6chstgelegenste Abfindungsbrennerei des Waldviertels die sich der Veredelung des hauseigenen Obstes verschrieben hat. Das raue Klima des Granitmassives an den Ausl\u00e4ufern des B\u00f6hmerwaldes ist zwar f\u00fcr die Quantit\u00e4t, nicht aber f\u00fcr die Qualit\u00e4t der erzeugten Edelbr\u00e4nde&nbsp;ausschlaggebend. Durch [&hellip;]<\/p>\n","protected":false},"author":1,"featured_media":0,"parent":23,"menu_order":0,"comment_status":"closed","ping_status":"closed","template":"","meta":{"_themeisle_gutenberg_block_has_review":false,"footnotes":""},"class_list":["post-44","page","type-page","status-publish","hentry"],"jetpack_sharing_enabled":true,"_links":{"self":[{"href":"https:\/\/prinzreichenau.at\/index.php?rest_route=\/wp\/v2\/pages\/44","targetHints":{"allow":["GET"]}}],"collection":[{"href":"https:\/\/prinzreichenau.at\/index.php?rest_route=\/wp\/v2\/pages"}],"about":[{"href":"https:\/\/prinzreichenau.at\/index.php?rest_route=\/wp\/v2\/types\/page"}],"author":[{"embeddable":true,"href":"https:\/\/prinzreichenau.at\/index.php?rest_route=\/wp\/v2\/users\/1"}],"replies":[{"embeddable":true,"href":"https:\/\/prinzreichenau.at\/index.php?rest_route=%2Fwp%2Fv2%2Fcomments&post=44"}],"version-history":[{"count":5,"href":"https:\/\/prinzreichenau.at\/index.php?rest_route=\/wp\/v2\/pages\/44\/revisions"}],"predecessor-version":[{"id":5659,"href":"https:\/\/prinzreichenau.at\/index.php?rest_route=\/wp\/v2\/pages\/44\/revisions\/5659"}],"up":[{"embeddable":true,"href":"https:\/\/prinzreichenau.at\/index.php?rest_route=\/wp\/v2\/pages\/23"}],"wp:attachment":[{"href":"https:\/\/prinzreichenau.at\/index.php?rest_route=%2Fwp%2Fv2%2Fmedia&parent=44"}],"curies":[{"name":"wp","href":"https:\/\/api.w.org\/{rel}","templated":true}]}}