{"id":80,"date":"2016-08-08T13:42:31","date_gmt":"2016-08-08T13:42:31","guid":{"rendered":"https:\/\/xstore.8theme.com\/demos\/drinks\/?page_id=13"},"modified":"2020-12-11T10:42:11","modified_gmt":"2020-12-11T10:42:11","slug":"home-page-drinks","status":"publish","type":"page","link":"https:\/\/prinzreichenau.at\/","title":{"rendered":"PRINZREICHENAU"},"content":{"rendered":"<p>[vc_row full_width=&#8220;stretch_row&#8220; fixed_background=&#8220;center&#8220; css=&#8220;.vc_custom_1470839897906{padding-top: 4vw !important;padding-bottom: 4vw !important;background-image: url(https:\/\/prinzreichenau.at\/wp-content\/uploads\/2016\/08\/single-bg.jpg?id=4856) !important;background-position: 0 0 !important;background-repeat: repeat !important;}&#8220;][vc_column][vc_row_inner][vc_column_inner offset=&#8220;vc_hidden-xs&#8220;][vc_custom_heading text=&#8220;Beste Edelbr\u00e4nde und Lik\u00f6re aus dem Waldviertel&#8220; font_container=&#8220;tag:div|font_size:25|text_align:center|color:%23a5a093|line_height:1.3&#8243; use_theme_fonts=&#8220;yes&#8220;][vc_custom_heading text=&#8220;SCHNAPS VON DER FAMILIE PRINZ AUS REICHENAU&#8220; font_container=&#8220;tag:h3|font_size:42|text_align:center|color:%23262626|line_height:1.3&#8243; use_theme_fonts=&#8220;yes&#8220; css=&#8220;.vc_custom_1602618897142{margin-bottom: 5px !important;}&#8220;][\/vc_column_inner][\/vc_row_inner][vc_column_text]<\/p>\n<p style=\"text-align: center;\">Bestellen Sie gleich jetzt eine Kostprobe &#8211; direkt von uns aus der Gemeinde Bad Gro\u00dfpertholz in Nieder\u00f6sterreich!<\/p>\n<p style=\"text-align: center;\"><a href=\"https:\/\/prinzreichenau.at\/?page_id=17\"><strong>Hier geht&#8217;s zu unserer Schnapskarte<\/strong><\/a><\/p>\n<p>[\/vc_column_text][\/vc_column][\/vc_row][vc_row full_width=&#8220;stretch_row&#8220; css=&#8220;.vc_custom_1470665081457{background-color: #ffffff !important;}&#8220;][vc_column css=&#8220;.vc_custom_1470745446335{padding-top: 0px !important;}&#8220;][vc_row_inner css=&#8220;.vc_custom_1470837504209{margin-top: 7.1vh !important;margin-bottom: 7vh !important;padding-top: 25px !important;}&#8220;][vc_column_inner width=&#8220;1\/3&#8243; css=&#8220;.vc_custom_1470762816091{margin-top: 2.3vh !important;}&#8220;][vc_cta h2=&#8220;1&#8243; h2_font_container=&#8220;font_size:48px|color:%23262626|line_height:1&#8243; h2_google_fonts=&#8220;font_family:Roboto%20Condensed%3A300%2C300italic%2Cregular%2Citalic%2C700%2C700italic|font_style:700%20bold%20regular%3A700%3Anormal&#8220; txt_align=&#8220;center&#8220; shape=&#8220;square&#8220; style=&#8220;flat&#8220; color=&#8220;white&#8220; css_animation=&#8220;appear&#8220; use_custom_fonts_h2=&#8220;true&#8220; css=&#8220;.vc_custom_1602619298487{margin-bottom: 0px !important;padding-top: 0px !important;padding-right: 2vw !important;padding-bottom: 0px !important;padding-left: 2vw !important;}&#8220;]<\/p>\n<p style=\"color: #262626; font-size: 30px; margin: 0px 0 15px; line-height: 1;\">&#8222;S\u00fc\u00df&#8220; oder &#8222;Scharf&#8220;?<\/p>\n<h4 style=\"color: #c4ba9a; font-size: 15px; margin-bottom: 25px;\">SCHRITT 1<\/h4>\n<p>Was darf&#8217;s denn sein? Eher ein &#8222;s\u00fc\u00dfer&#8220; Lik\u00f6r, oder doch lieber was &#8222;Scharfes&#8220; &#8211; also Geist oder Brand?[\/vc_cta][\/vc_column_inner][vc_column_inner width=&#8220;1\/3&#8243; css=&#8220;.vc_custom_1470762823007{margin-top: 2.3vh !important;padding-top: 0px !important;padding-right: 0px !important;padding-bottom: 0px !important;padding-left: 0px !important;}&#8220;][vc_cta h2=&#8220;2&#8243; h2_font_container=&#8220;font_size:48px|color:%23262626|line_height:1&#8243; h2_google_fonts=&#8220;font_family:Roboto%20Condensed%3A300%2C300italic%2Cregular%2Citalic%2C700%2C700italic|font_style:700%20bold%20regular%3A700%3Anormal&#8220; txt_align=&#8220;center&#8220; shape=&#8220;square&#8220; style=&#8220;flat&#8220; color=&#8220;white&#8220; css_animation=&#8220;appear&#8220; use_custom_fonts_h2=&#8220;true&#8220; css=&#8220;.vc_custom_1607683327291{margin-bottom: 0px !important;border-right-width: 1px !important;border-left-width: 1px !important;padding-top: 0px !important;padding-right: 2vw !important;padding-bottom: 0px !important;padding-left: 2vw !important;border-left-color: #e6e6e6 !important;border-left-style: solid !important;border-right-color: #e6e6e6 !important;border-right-style: solid !important;}&#8220;]<\/p>\n<p style=\"color: #262626; font-size: 30px; margin: 0px 0 15px; line-height: 1;\">Sorte ausw\u00e4hlen<\/p>\n<h4 style=\"color: #c4ba9a; font-size: 15px; margin-bottom: 25px;\">SCHRITT 2<\/h4>\n<p>Suchen Sie sich die gew\u00fcnschte Sorte aus. Von A wie Apfelstrudellik\u00f6r bis Z wie Zirbengeist haben wir alles im Angebot. <a href=\"https:\/\/prinzreichenau.at\/?page_id=17\"><strong>Hier geht&#8217;s zu unserer \u00dcbersicht<\/strong><\/a>[\/vc_cta][\/vc_column_inner][vc_column_inner width=&#8220;1\/3&#8243; css=&#8220;.vc_custom_1470762828013{margin-top: 2.3vh !important;}&#8220;][vc_cta h2=&#8220;3&#8243; h2_font_container=&#8220;font_size:48px|color:%23262626|line_height:1&#8243; h2_google_fonts=&#8220;font_family:Roboto%20Condensed%3A300%2C300italic%2Cregular%2Citalic%2C700%2C700italic|font_style:700%20bold%20regular%3A700%3Anormal&#8220; txt_align=&#8220;center&#8220; shape=&#8220;square&#8220; style=&#8220;flat&#8220; color=&#8220;white&#8220; css_animation=&#8220;appear&#8220; use_custom_fonts_h2=&#8220;true&#8220; css=&#8220;.vc_custom_1607683260223{margin-bottom: 0px !important;padding-top: 0px !important;padding-right: 2vw !important;padding-bottom: 0px !important;padding-left: 2vw !important;}&#8220;]<\/p>\n<p style=\"color: #262626; font-size: 30px; margin: 0px 0 15px; line-height: 1;\">Kontaktieren Sie uns!<\/p>\n<h4 style=\"color: #c4ba9a; font-size: 15px; margin-bottom: 25px;\">SCHRITT 3<\/h4>\n<p>Unsere Website befindet sich gerade noch im Aufbau. Kontaktieren Sie uns am besten einfach per E-Mail unter <strong><a href=\"mailto:office@prinzreichenau.at\">office@prinzreichenau.at<\/a><\/strong>, wir antworten ehestm\u00f6glich![\/vc_cta][\/vc_column_inner][\/vc_row_inner][\/vc_column][\/vc_row]<\/p>\n","protected":false},"excerpt":{"rendered":"<p>[vc_row full_width=&#8220;stretch_row&#8220; fixed_background=&#8220;center&#8220; css=&#8220;.vc_custom_1470839897906{padding-top: 4vw !important;padding-bottom: 4vw !important;background-image: url(https:\/\/prinzreichenau.at\/wp-content\/uploads\/2016\/08\/single-bg.jpg?id=4856) !important;background-position: 0 0 !important;background-repeat: repeat !important;}&#8220;][vc_column][vc_row_inner][vc_column_inner offset=&#8220;vc_hidden-xs&#8220;][vc_custom_heading text=&#8220;Beste Edelbr\u00e4nde und Lik\u00f6re aus dem Waldviertel&#8220; font_container=&#8220;tag:div|font_size:25|text_align:center|color:%23a5a093|line_height:1.3&#8243; use_theme_fonts=&#8220;yes&#8220;][vc_custom_heading text=&#8220;SCHNAPS VON DER FAMILIE PRINZ AUS REICHENAU&#8220; font_container=&#8220;tag:h3|font_size:42|text_align:center|color:%23262626|line_height:1.3&#8243; use_theme_fonts=&#8220;yes&#8220; css=&#8220;.vc_custom_1602618897142{margin-bottom: 5px !important;}&#8220;][\/vc_column_inner][\/vc_row_inner][vc_column_text] Bestellen Sie gleich jetzt eine Kostprobe &#8211; direkt von uns aus der Gemeinde Bad Gro\u00dfpertholz in Nieder\u00f6sterreich! Hier [&hellip;]<\/p>\n","protected":false},"author":1,"featured_media":0,"parent":0,"menu_order":0,"comment_status":"closed","ping_status":"closed","template":"","meta":{"_themeisle_gutenberg_block_has_review":false,"footnotes":""},"class_list":["post-80","page","type-page","status-publish","hentry"],"jetpack_sharing_enabled":true,"_links":{"self":[{"href":"https:\/\/prinzreichenau.at\/index.php?rest_route=\/wp\/v2\/pages\/80","targetHints":{"allow":["GET"]}}],"collection":[{"href":"https:\/\/prinzreichenau.at\/index.php?rest_route=\/wp\/v2\/pages"}],"about":[{"href":"https:\/\/prinzreichenau.at\/index.php?rest_route=\/wp\/v2\/types\/page"}],"author":[{"embeddable":true,"href":"https:\/\/prinzreichenau.at\/index.php?rest_route=\/wp\/v2\/users\/1"}],"replies":[{"embeddable":true,"href":"https:\/\/prinzreichenau.at\/index.php?rest_route=%2Fwp%2Fv2%2Fcomments&post=80"}],"version-history":[{"count":16,"href":"https:\/\/prinzreichenau.at\/index.php?rest_route=\/wp\/v2\/pages\/80\/revisions"}],"predecessor-version":[{"id":5724,"href":"https:\/\/prinzreichenau.at\/index.php?rest_route=\/wp\/v2\/pages\/80\/revisions\/5724"}],"wp:attachment":[{"href":"https:\/\/prinzreichenau.at\/index.php?rest_route=%2Fwp%2Fv2%2Fmedia&parent=80"}],"curies":[{"name":"wp","href":"https:\/\/api.w.org\/{rel}","templated":true}]}}